{"id":1159,"date":"2026-01-28T18:58:48","date_gmt":"2026-01-28T18:58:48","guid":{"rendered":"https:\/\/maumer.de\/maumer\/?page_id=1159"},"modified":"2026-01-28T18:58:50","modified_gmt":"2026-01-28T18:58:50","slug":"archiv","status":"publish","type":"page","link":"https:\/\/maumer.de\/maumer\/archiv\/","title":{"rendered":"Archiv"},"content":{"rendered":"<div class=\" is-style-boxed wp-block-themeisle-blocks-posts-grid\" id=\"wp-block-themeisle-blocks-posts-grid-54e13ed5\"><div class=\"is-list\"><div class=\"o-posts-grid-post-blog o-posts-grid-post-plain\"><div class=\"o-posts-grid-post\"><div class=\"o-posts-grid-post-body is-full\"><h4 class=\"o-posts-grid-post-title\"><a href=\"https:\/\/maumer.de\/maumer\/2025\/06\/23\/ueberwaeltigende-jahreshauptversammlung\/\">\u00dcberw\u00e4ltigende Jahreshauptversammlung<\/a><\/h4><p class=\"o-posts-grid-post-meta\">Posted on <time datetime=\"2025-06-23T11:04:32+00:00\">23. Juni 2025<\/time> <\/p><div class=\"o-posts-grid-post-description\"><p>Unsere diesj\u00e4hrige Jahreshauptversammlung war einfach \u00fcberw\u00e4ltigend \u2013 so viele Menschen wie nie zuvo\u2026<\/p><\/div><\/div><\/div><\/div><div class=\"o-posts-grid-post-blog o-posts-grid-post-plain\"><div class=\"o-posts-grid-post\"><div class=\"o-posts-grid-post-body is-full\"><h4 class=\"o-posts-grid-post-title\"><a href=\"https:\/\/maumer.de\/maumer\/2025\/04\/22\/einladung-zur-jahreshauptversammlung\/\">Einladung zur Jahreshauptversammlung<\/a><\/h4><p class=\"o-posts-grid-post-meta\">Posted on <time datetime=\"2025-04-22T06:03:07+00:00\">22. April 2025<\/time> <\/p><div class=\"o-posts-grid-post-description\"><p><\/p><\/div><\/div><\/div><\/div><div class=\"o-posts-grid-post-blog o-posts-grid-post-plain\"><div class=\"o-posts-grid-post\"><div class=\"o-posts-grid-post-body is-full\"><h4 class=\"o-posts-grid-post-title\"><a href=\"https:\/\/maumer.de\/maumer\/2025\/01\/24\/bald-atemlos-unter-strom-unsere-tollitaeten-stellen-sich-vor\/\">Bald atemlos unter Strom: Unsere Tollit\u00e4ten stellen sich vor<\/a><\/h4><p class=\"o-posts-grid-post-meta\">Posted on <time datetime=\"2025-01-24T16:46:22+00:00\">24. Januar 2025<\/time> <\/p><div class=\"o-posts-grid-post-description\"><p><\/p><\/div><\/div><\/div><\/div><div class=\"o-posts-grid-post-blog o-posts-grid-post-plain\"><div class=\"o-posts-grid-post\"><div class=\"o-posts-grid-post-body is-full\"><h4 class=\"o-posts-grid-post-title\"><a href=\"https:\/\/maumer.de\/maumer\/2024\/11\/11\/unser-neues-prinzenpaar\/\">Unser neues Prinzenpaar<\/a><\/h4><p class=\"o-posts-grid-post-meta\">Posted on <time datetime=\"2024-11-11T07:29:52+00:00\">11. November 2024<\/time> <\/p><div class=\"o-posts-grid-post-description\"><p>Halex ihr N\u00e4rrinnen &amp; Narren! P\u00fcnktlich zum 11.11. l\u00e4uten wir mit euch die 5. Jahreszeit ein \u2013 u\u2026<\/p><\/div><\/div><\/div><\/div><div class=\"o-posts-grid-post-blog o-posts-grid-post-plain\"><div class=\"o-posts-grid-post\"><div class=\"o-posts-grid-post-body is-full\"><h4 class=\"o-posts-grid-post-title\"><a href=\"https:\/\/maumer.de\/maumer\/2024\/11\/08\/die-maumer-buettenabende-2025\/\">Die Maumer-B\u00fcttenabende 2025<\/a><\/h4><p class=\"o-posts-grid-post-meta\">Posted on <time datetime=\"2024-11-08T07:53:27+00:00\">8. November 2024<\/time> <\/p><div class=\"o-posts-grid-post-description\"><p><\/p><\/div><\/div><\/div><\/div><div class=\"o-posts-grid-post-blog o-posts-grid-post-plain\"><div class=\"o-posts-grid-post\"><div class=\"o-posts-grid-post-body is-full\"><h4 class=\"o-posts-grid-post-title\"><a href=\"https:\/\/maumer.de\/maumer\/2024\/02\/22\/einladung-zur-jahreshauptversammlung-mit-neuwahlen\/\">Einladung zur Jahreshauptversammlung mit Neuwahlen<\/a><\/h4><p class=\"o-posts-grid-post-meta\">Posted on <time datetime=\"2024-02-22T09:44:43+00:00\">22. Februar 2024<\/time> <\/p><div class=\"o-posts-grid-post-description\"><p><\/p><\/div><\/div><\/div><\/div><\/div> <div class=\"o-posts-grid-pag\"><span aria-current=\"page\" class=\"page-numbers current\">1<\/span>\n<a class=\"page-numbers\" href=\"https:\/\/maumer.de\/maumer\/wp-json\/wp\/v2\/pages\/1159\/?paged=2\">2<\/a>\n<a class=\"page-numbers\" href=\"https:\/\/maumer.de\/maumer\/wp-json\/wp\/v2\/pages\/1159\/?paged=3\">3<\/a>\n<span class=\"page-numbers dots\">&hellip;<\/span>\n<a class=\"page-numbers\" href=\"https:\/\/maumer.de\/maumer\/wp-json\/wp\/v2\/pages\/1159\/?paged=6\">6<\/a>\n<a class=\"next page-numbers\" href=\"https:\/\/maumer.de\/maumer\/wp-json\/wp\/v2\/pages\/1159\/?paged=2\">Next<\/a><\/div><\/div>","protected":false},"excerpt":{"rendered":"","protected":false},"author":1,"featured_media":0,"parent":0,"menu_order":0,"comment_status":"closed","ping_status":"closed","template":"","meta":{"_acf_changed":false,"neve_meta_sidebar":"","neve_meta_container":"","neve_meta_enable_content_width":"","neve_meta_content_width":0,"neve_meta_title_alignment":"","neve_meta_author_avatar":"","neve_post_elements_order":"","neve_meta_disable_header":"","neve_meta_disable_footer":"","neve_meta_disable_title":"","_themeisle_gutenberg_block_has_review":false,"footnotes":""},"class_list":["post-1159","page","type-page","status-publish","hentry"],"acf":[],"rise-blocks_excerpt":"","yoast_head":"<!-- This site is optimized with the Yoast SEO plugin v27.5 - https:\/\/yoast.com\/product\/yoast-seo-wordpress\/ -->\n<title>Archiv - Fosenochtsverein B\u00f6schemer Maumer e.V.<\/title>\n<meta name=\"robots\" content=\"index, follow, max-snippet:-1, max-image-preview:large, max-video-preview:-1\" \/>\n<link rel=\"canonical\" href=\"https:\/\/maumer.de\/maumer\/archiv\/\" \/>\n<meta property=\"og:locale\" content=\"de_DE\" \/>\n<meta property=\"og:type\" content=\"article\" \/>\n<meta property=\"og:title\" content=\"Archiv - Fosenochtsverein B\u00f6schemer Maumer e.V.\" \/>\n<meta property=\"og:url\" content=\"https:\/\/maumer.de\/maumer\/archiv\/\" \/>\n<meta property=\"og:site_name\" content=\"Fosenochtsverein B\u00f6schemer Maumer e.V.\" \/>\n<meta property=\"article:modified_time\" content=\"2026-01-28T18:58:50+00:00\" \/>\n<meta name=\"twitter:card\" content=\"summary_large_image\" \/>\n<script type=\"application\/ld+json\" class=\"yoast-schema-graph\">{\"@context\":\"https:\\\/\\\/schema.org\",\"@graph\":[{\"@type\":\"WebPage\",\"@id\":\"https:\\\/\\\/maumer.de\\\/maumer\\\/archiv\\\/\",\"url\":\"https:\\\/\\\/maumer.de\\\/maumer\\\/archiv\\\/\",\"name\":\"Archiv - Fosenochtsverein B\u00f6schemer Maumer e.V.\",\"isPartOf\":{\"@id\":\"https:\\\/\\\/maumer.de\\\/maumer\\\/#website\"},\"datePublished\":\"2026-01-28T18:58:48+00:00\",\"dateModified\":\"2026-01-28T18:58:50+00:00\",\"breadcrumb\":{\"@id\":\"https:\\\/\\\/maumer.de\\\/maumer\\\/archiv\\\/#breadcrumb\"},\"inLanguage\":\"de\",\"potentialAction\":[{\"@type\":\"ReadAction\",\"target\":[\"https:\\\/\\\/maumer.de\\\/maumer\\\/archiv\\\/\"]}]},{\"@type\":\"BreadcrumbList\",\"@id\":\"https:\\\/\\\/maumer.de\\\/maumer\\\/archiv\\\/#breadcrumb\",\"itemListElement\":[{\"@type\":\"ListItem\",\"position\":1,\"name\":\"Startseite\",\"item\":\"https:\\\/\\\/maumer.de\\\/maumer\\\/\"},{\"@type\":\"ListItem\",\"position\":2,\"name\":\"Archiv\"}]},{\"@type\":\"WebSite\",\"@id\":\"https:\\\/\\\/maumer.de\\\/maumer\\\/#website\",\"url\":\"https:\\\/\\\/maumer.de\\\/maumer\\\/\",\"name\":\"Fosenochtsverein B\u00f6schemer Maumer e.V.\",\"description\":\"Halex!\",\"potentialAction\":[{\"@type\":\"SearchAction\",\"target\":{\"@type\":\"EntryPoint\",\"urlTemplate\":\"https:\\\/\\\/maumer.de\\\/maumer\\\/?s={search_term_string}\"},\"query-input\":{\"@type\":\"PropertyValueSpecification\",\"valueRequired\":true,\"valueName\":\"search_term_string\"}}],\"inLanguage\":\"de\"}]}<\/script>\n<!-- \/ Yoast SEO plugin. -->","yoast_head_json":{"title":"Archiv - Fosenochtsverein B\u00f6schemer Maumer e.V.","robots":{"index":"index","follow":"follow","max-snippet":"max-snippet:-1","max-image-preview":"max-image-preview:large","max-video-preview":"max-video-preview:-1"},"canonical":"https:\/\/maumer.de\/maumer\/archiv\/","og_locale":"de_DE","og_type":"article","og_title":"Archiv - Fosenochtsverein B\u00f6schemer Maumer e.V.","og_url":"https:\/\/maumer.de\/maumer\/archiv\/","og_site_name":"Fosenochtsverein B\u00f6schemer Maumer e.V.","article_modified_time":"2026-01-28T18:58:50+00:00","twitter_card":"summary_large_image","schema":{"@context":"https:\/\/schema.org","@graph":[{"@type":"WebPage","@id":"https:\/\/maumer.de\/maumer\/archiv\/","url":"https:\/\/maumer.de\/maumer\/archiv\/","name":"Archiv - Fosenochtsverein B\u00f6schemer Maumer e.V.","isPartOf":{"@id":"https:\/\/maumer.de\/maumer\/#website"},"datePublished":"2026-01-28T18:58:48+00:00","dateModified":"2026-01-28T18:58:50+00:00","breadcrumb":{"@id":"https:\/\/maumer.de\/maumer\/archiv\/#breadcrumb"},"inLanguage":"de","potentialAction":[{"@type":"ReadAction","target":["https:\/\/maumer.de\/maumer\/archiv\/"]}]},{"@type":"BreadcrumbList","@id":"https:\/\/maumer.de\/maumer\/archiv\/#breadcrumb","itemListElement":[{"@type":"ListItem","position":1,"name":"Startseite","item":"https:\/\/maumer.de\/maumer\/"},{"@type":"ListItem","position":2,"name":"Archiv"}]},{"@type":"WebSite","@id":"https:\/\/maumer.de\/maumer\/#website","url":"https:\/\/maumer.de\/maumer\/","name":"Fosenochtsverein B\u00f6schemer Maumer e.V.","description":"Halex!","potentialAction":[{"@type":"SearchAction","target":{"@type":"EntryPoint","urlTemplate":"https:\/\/maumer.de\/maumer\/?s={search_term_string}"},"query-input":{"@type":"PropertyValueSpecification","valueRequired":true,"valueName":"search_term_string"}}],"inLanguage":"de"}]}},"featured_image_src":null,"featured_image_src_square":null,"_links":{"self":[{"href":"https:\/\/maumer.de\/maumer\/wp-json\/wp\/v2\/pages\/1159","targetHints":{"allow":["GET"]}}],"collection":[{"href":"https:\/\/maumer.de\/maumer\/wp-json\/wp\/v2\/pages"}],"about":[{"href":"https:\/\/maumer.de\/maumer\/wp-json\/wp\/v2\/types\/page"}],"author":[{"embeddable":true,"href":"https:\/\/maumer.de\/maumer\/wp-json\/wp\/v2\/users\/1"}],"replies":[{"embeddable":true,"href":"https:\/\/maumer.de\/maumer\/wp-json\/wp\/v2\/comments?post=1159"}],"version-history":[{"count":1,"href":"https:\/\/maumer.de\/maumer\/wp-json\/wp\/v2\/pages\/1159\/revisions"}],"predecessor-version":[{"id":1160,"href":"https:\/\/maumer.de\/maumer\/wp-json\/wp\/v2\/pages\/1159\/revisions\/1160"}],"wp:attachment":[{"href":"https:\/\/maumer.de\/maumer\/wp-json\/wp\/v2\/media?parent=1159"}],"curies":[{"name":"wp","href":"https:\/\/api.w.org\/{rel}","templated":true}]}}