{"id":218,"date":"2021-01-27T14:19:57","date_gmt":"2021-01-27T14:19:57","guid":{"rendered":"https:\/\/maumer.de\/maumer\/?page_id=218"},"modified":"2021-01-27T14:20:44","modified_gmt":"2021-01-27T14:20:44","slug":"zugordnung","status":"publish","type":"page","link":"https:\/\/maumer.de\/maumer\/service\/zugordnung\/","title":{"rendered":"Zugordnung"},"content":{"rendered":"\n<h3 class=\"wp-block-heading\"><strong>Liebe Fosen\u00f6chter, liebe Zugteilnehmer,<\/strong><\/h3>\n\n\n\n<p>wir freuen uns \u00fcber eure Teilnahme an unserer Veranstaltung. Wir m\u00f6chten einen farbenfrohen, lustigen und vor allem unfallfreien Umzug. Damit der Rosenmontag also ein erfolgreicher Tag wird, werden wir uns an einige wenige Richtlinien halten m\u00fcssen. Wenn jeder seinen Anteil an Verantwortung \u00fcbernimmt, sind wir sicher, dass dieser Fosenochtszug wieder eine gelungene Veranstaltung werden wird. Es gibt schon genug Reglementierung und wir wollen hier nicht noch mehr schaffen. Dennoch sind uns ein paar Punkte wichtig, auf die wir hinweisen wollen und die es einzuhalten gilt. Daher bitten wir Euch um Kenntnisnahme der nachfolgenden \u2026<\/p>\n\n\n\n<p><\/p>\n\n\n\n<h2 class=\"wp-block-heading\">Richtlinien f\u00fcr die Teilnahme am Umzug<\/h2>\n\n\n\n<p>(Durch die Teilnahme eurer Gruppe an unserem Fosenochtsumzug erkennt ihr diese an)<\/p>\n\n\n\n<h3 class=\"wp-block-heading\"><strong>Organisation und Leitung<\/strong><\/h3>\n\n\n\n<p>Veranstalter ist der Fosenochtsverein \u201eB\u00f6schemer Maumer e. V.\u201c Den Anordnungen der Zugleitung, der Polizei und den Dienstkr\u00e4ften der Feuerwehr ist unverz\u00fcglich und unbedingt Folge zu leisten. Die Teilnahme an der Veranstaltung entbindet nicht von der Einhaltung der Vorschriften der StVO und StVZO.<\/p>\n\n\n\n<h3 class=\"wp-block-heading\"><strong>Teilnahme am Fosenochtsumzug<\/strong><\/h3>\n\n\n\n<p>Jede Zuggruppe bestimmt einen vollj\u00e4hrigen Gruppenverantwortlichen. Dieser hat sicherzustellen, dass das Fahrzeuggespann der StVZO entspricht und den Verordnungen des Jugendschutzgesetzes Folge geleistet wird. Vor und w\u00e4hrend des Umzuges verzichtet dieser auf den Genuss von Alkohol.<br>W\u00e4hrend des Zuges sind aus jeder Zuggruppe so genannte \u201eWagenengel\u201c zu bestimmen, die daf\u00fcr geeignet sind und Sorge tragen, dass keine Zuschauer oder andere Teilnehmer zu nahe an das Fahrzeug und zwischen das Gespann laufen.<\/p>\n\n\n\n<h3 class=\"wp-block-heading\"><strong>Auswerfen vom Fahrzeug \u2013 Abfallentsorgung<\/strong><\/h3>\n\n\n\n<p>Bitte werft kein Material aus, das Zuschauer verletzen k\u00f6nnte. Achtet darauf, dass die Dinge die ausgeworfen werden nicht zu nah am Fahrzeug oder Gespann zum Liegen kommen. Kinder k\u00f6nnten vom Fahrzeug erfasst und \u00fcberrollt werden. M\u00fcll darf nicht w\u00e4hrend der Fahrt in der Natur oder unseren Stra\u00dfen entsorgt werden. Sammelt diesen und gebt ihn an den daf\u00fcr vorgesehenen Sammelstellen ab.<\/p>\n\n\n\n<h3 class=\"wp-block-heading\"><strong>GEMA \/ Beschallung<\/strong><\/h3>\n\n\n\n<p>Fahrzeuge\/Fu\u00dfgruppen mit Beschallung entrichten eine GEMA-Geb\u00fchr von 20,\u2013 \u20ac. Die Geb\u00fchr wird am Startpunkt vor Umzugsbeginn von einem Verantwortlichen der \u201eB\u00f6schemer Maumer\u201c eingezogen. Die Beschallung darf eine St\u00e4rke von 85 dB (vgl. Lautst\u00e4rke bei mittlerem Stra\u00dfenverkehr) nicht \u00fcbersteigen. Lautsprecherboxen werden in das Wageninnere gerichtet.<\/p>\n\n\n\n<h3 class=\"wp-block-heading\"><strong>Jugendschutz<\/strong><\/h3>\n\n\n\n<p>Auch am Rosenmontag gilt das Gesetz zum Schutze der Jugend in der \u00d6ffentlichkeit. Das hei\u00dft, Jugendliche unter 16 Jahren d\u00fcrfen keinen Alkohol konsumieren, Jugendliche unter 18 Jahren keine brandweinhaltigen Getr\u00e4nke und Schn\u00e4pse. Achtet auf eure mitgef\u00fchrten alkoholischen Getr\u00e4nke. Man verliert im Trubel leicht den \u00dcberblick wer alles davon trinkt.<\/p>\n\n\n\n<h3 class=\"wp-block-heading\"><strong>Versicherungen und Abgaben<\/strong><\/h3>\n\n\n\n<p>Die Zugteilnehmer nehmen auf eigenes Risiko teil. Jeder Einzelne haftet selbst f\u00fcr Sachsch\u00e4den und Verletzungen, die durch ihn entstehen. Nicht versichert sind z. B. Sch\u00e4den an den zu der Veranstaltung hinzugezogenen oder verwendeten Fahrzeugen, das Abhandenkommen (Verlust) von Sachen jeder Art, Sch\u00e4den aller Art an Kleidern der mitwirkenden Personen, an Fahnen und sonstigen mitgef\u00fchrten Gegenst\u00e4nden. Der Fahrer unterliegt den Bestimmungen der StVO. Bei Alkoholgenuss droht F\u00fchrerscheinentzug.<\/p>\n\n\n\n<p>Wir hoffen, euch mit dieser Zugordnung nicht die Lust an der Teilnahme genommen zu haben. Wenn jeder Teilnehmer und jede Gruppe einen Teil der Verantwortung \u00fcbernimmt, werden wir alle sehr viel Spa\u00df an dieser Veranstaltung haben. Wir freuen uns \u00fcber euren Besuch und w\u00fcnschen euch jede Menge gute Laune \u201eBei uns in B\u00f6schem\u201c.<\/p>\n\n\n\n<p><strong>Wir gr\u00fc\u00dfen mit einem dreifach kr\u00e4ftigen \u201eB\u00f6schemer Halex\u201c<\/strong><\/p>\n\n\n\n<p>Fosenochtsverein B\u00f6schemer Maumer e. V.<\/p>\n\n\n\n<p>Stadt Bischofsheim a. d. Rh\u00f6n<\/p>\n","protected":false},"excerpt":{"rendered":"<p>Liebe Fosen\u00f6chter, liebe Zugteilnehmer, wir freuen uns \u00fcber eure Teilnahme an unserer Veranstaltung. Wir m\u00f6chten einen farbenfrohen, lustigen und vor allem unfallfreien Umzug. Damit der Rosenmontag also ein erfolgreicher Tag wird, werden wir uns an einige wenige Richtlinien halten m\u00fcssen. Wenn jeder seinen Anteil an Verantwortung \u00fcbernimmt, sind wir sicher, dass dieser Fosenochtszug wieder eine&hellip;&nbsp;<a href=\"https:\/\/maumer.de\/maumer\/service\/zugordnung\/\" rel=\"bookmark\">Weiterlesen &raquo;<span class=\"screen-reader-text\">Zugordnung<\/span><\/a><\/p>\n","protected":false},"author":1,"featured_media":0,"parent":19,"menu_order":0,"comment_status":"closed","ping_status":"closed","template":"","meta":{"_acf_changed":false,"neve_meta_sidebar":"full-width","neve_meta_container":"","neve_meta_enable_content_width":"on","neve_meta_content_width":100,"neve_meta_title_alignment":"","neve_meta_author_avatar":"","neve_post_elements_order":"","neve_meta_disable_header":"","neve_meta_disable_footer":"","neve_meta_disable_title":"","_themeisle_gutenberg_block_has_review":false,"footnotes":""},"class_list":["post-218","page","type-page","status-publish","hentry"],"acf":[],"rise-blocks_excerpt":"Liebe Fosen\u00f6chter, liebe Zugteilnehmer, wir freuen uns \u00fcber eure Teilnahme an unserer Veranstaltung. Wir m\u00f6chten einen farbenfrohen, lustigen und vor allem unfallfreien Umzug. Damit der Rosenmontag also ein erfolgreicher Tag wird, werden wir uns an einige wenige Richtlinien halten m\u00fcssen. Wenn jeder seinen Anteil an Verantwortung \u00fcbernimmt, sind wir sicher, dass dieser Fosenochtszug wieder eine gelungene Veranstaltung werden wird. Es..","yoast_head":"<!-- This site is optimized with the Yoast SEO plugin v27.4 - https:\/\/yoast.com\/product\/yoast-seo-wordpress\/ -->\n<title>Zugordnung - Fosenochtsverein B\u00f6schemer Maumer e.V.<\/title>\n<meta name=\"robots\" content=\"index, follow, max-snippet:-1, max-image-preview:large, max-video-preview:-1\" \/>\n<link rel=\"canonical\" href=\"https:\/\/maumer.de\/maumer\/service\/zugordnung\/\" \/>\n<meta property=\"og:locale\" content=\"de_DE\" \/>\n<meta property=\"og:type\" content=\"article\" \/>\n<meta property=\"og:title\" content=\"Zugordnung - Fosenochtsverein B\u00f6schemer Maumer e.V.\" \/>\n<meta property=\"og:description\" content=\"Liebe Fosen\u00f6chter, liebe Zugteilnehmer, wir freuen uns \u00fcber eure Teilnahme an unserer Veranstaltung. Wir m\u00f6chten einen farbenfrohen, lustigen und vor allem unfallfreien Umzug. Damit der Rosenmontag also ein erfolgreicher Tag wird, werden wir uns an einige wenige Richtlinien halten m\u00fcssen. Wenn jeder seinen Anteil an Verantwortung \u00fcbernimmt, sind wir sicher, dass dieser Fosenochtszug wieder eine&hellip;&nbsp;Weiterlesen &raquo;Zugordnung\" \/>\n<meta property=\"og:url\" content=\"https:\/\/maumer.de\/maumer\/service\/zugordnung\/\" \/>\n<meta property=\"og:site_name\" content=\"Fosenochtsverein B\u00f6schemer Maumer e.V.\" \/>\n<meta property=\"article:modified_time\" content=\"2021-01-27T14:20:44+00:00\" \/>\n<meta name=\"twitter:card\" content=\"summary_large_image\" \/>\n<meta name=\"twitter:label1\" content=\"Gesch\u00e4tzte Lesezeit\" \/>\n\t<meta name=\"twitter:data1\" content=\"3\u00a0Minuten\" \/>\n<script type=\"application\/ld+json\" class=\"yoast-schema-graph\">{\"@context\":\"https:\\\/\\\/schema.org\",\"@graph\":[{\"@type\":\"WebPage\",\"@id\":\"https:\\\/\\\/maumer.de\\\/maumer\\\/service\\\/zugordnung\\\/\",\"url\":\"https:\\\/\\\/maumer.de\\\/maumer\\\/service\\\/zugordnung\\\/\",\"name\":\"Zugordnung - Fosenochtsverein B\u00f6schemer Maumer e.V.\",\"isPartOf\":{\"@id\":\"https:\\\/\\\/maumer.de\\\/maumer\\\/#website\"},\"datePublished\":\"2021-01-27T14:19:57+00:00\",\"dateModified\":\"2021-01-27T14:20:44+00:00\",\"breadcrumb\":{\"@id\":\"https:\\\/\\\/maumer.de\\\/maumer\\\/service\\\/zugordnung\\\/#breadcrumb\"},\"inLanguage\":\"de\",\"potentialAction\":[{\"@type\":\"ReadAction\",\"target\":[\"https:\\\/\\\/maumer.de\\\/maumer\\\/service\\\/zugordnung\\\/\"]}]},{\"@type\":\"BreadcrumbList\",\"@id\":\"https:\\\/\\\/maumer.de\\\/maumer\\\/service\\\/zugordnung\\\/#breadcrumb\",\"itemListElement\":[{\"@type\":\"ListItem\",\"position\":1,\"name\":\"Startseite\",\"item\":\"https:\\\/\\\/maumer.de\\\/maumer\\\/\"},{\"@type\":\"ListItem\",\"position\":2,\"name\":\"Service\",\"item\":\"https:\\\/\\\/maumer.de\\\/maumer\\\/service\\\/\"},{\"@type\":\"ListItem\",\"position\":3,\"name\":\"Zugordnung\"}]},{\"@type\":\"WebSite\",\"@id\":\"https:\\\/\\\/maumer.de\\\/maumer\\\/#website\",\"url\":\"https:\\\/\\\/maumer.de\\\/maumer\\\/\",\"name\":\"Fosenochtsverein B\u00f6schemer Maumer e.V.\",\"description\":\"Halex!\",\"potentialAction\":[{\"@type\":\"SearchAction\",\"target\":{\"@type\":\"EntryPoint\",\"urlTemplate\":\"https:\\\/\\\/maumer.de\\\/maumer\\\/?s={search_term_string}\"},\"query-input\":{\"@type\":\"PropertyValueSpecification\",\"valueRequired\":true,\"valueName\":\"search_term_string\"}}],\"inLanguage\":\"de\"}]}<\/script>\n<!-- \/ Yoast SEO plugin. -->","yoast_head_json":{"title":"Zugordnung - Fosenochtsverein B\u00f6schemer Maumer e.V.","robots":{"index":"index","follow":"follow","max-snippet":"max-snippet:-1","max-image-preview":"max-image-preview:large","max-video-preview":"max-video-preview:-1"},"canonical":"https:\/\/maumer.de\/maumer\/service\/zugordnung\/","og_locale":"de_DE","og_type":"article","og_title":"Zugordnung - Fosenochtsverein B\u00f6schemer Maumer e.V.","og_description":"Liebe Fosen\u00f6chter, liebe Zugteilnehmer, wir freuen uns \u00fcber eure Teilnahme an unserer Veranstaltung. Wir m\u00f6chten einen farbenfrohen, lustigen und vor allem unfallfreien Umzug. Damit der Rosenmontag also ein erfolgreicher Tag wird, werden wir uns an einige wenige Richtlinien halten m\u00fcssen. Wenn jeder seinen Anteil an Verantwortung \u00fcbernimmt, sind wir sicher, dass dieser Fosenochtszug wieder eine&hellip;&nbsp;Weiterlesen &raquo;Zugordnung","og_url":"https:\/\/maumer.de\/maumer\/service\/zugordnung\/","og_site_name":"Fosenochtsverein B\u00f6schemer Maumer e.V.","article_modified_time":"2021-01-27T14:20:44+00:00","twitter_card":"summary_large_image","twitter_misc":{"Gesch\u00e4tzte Lesezeit":"3\u00a0Minuten"},"schema":{"@context":"https:\/\/schema.org","@graph":[{"@type":"WebPage","@id":"https:\/\/maumer.de\/maumer\/service\/zugordnung\/","url":"https:\/\/maumer.de\/maumer\/service\/zugordnung\/","name":"Zugordnung - Fosenochtsverein B\u00f6schemer Maumer e.V.","isPartOf":{"@id":"https:\/\/maumer.de\/maumer\/#website"},"datePublished":"2021-01-27T14:19:57+00:00","dateModified":"2021-01-27T14:20:44+00:00","breadcrumb":{"@id":"https:\/\/maumer.de\/maumer\/service\/zugordnung\/#breadcrumb"},"inLanguage":"de","potentialAction":[{"@type":"ReadAction","target":["https:\/\/maumer.de\/maumer\/service\/zugordnung\/"]}]},{"@type":"BreadcrumbList","@id":"https:\/\/maumer.de\/maumer\/service\/zugordnung\/#breadcrumb","itemListElement":[{"@type":"ListItem","position":1,"name":"Startseite","item":"https:\/\/maumer.de\/maumer\/"},{"@type":"ListItem","position":2,"name":"Service","item":"https:\/\/maumer.de\/maumer\/service\/"},{"@type":"ListItem","position":3,"name":"Zugordnung"}]},{"@type":"WebSite","@id":"https:\/\/maumer.de\/maumer\/#website","url":"https:\/\/maumer.de\/maumer\/","name":"Fosenochtsverein B\u00f6schemer Maumer e.V.","description":"Halex!","potentialAction":[{"@type":"SearchAction","target":{"@type":"EntryPoint","urlTemplate":"https:\/\/maumer.de\/maumer\/?s={search_term_string}"},"query-input":{"@type":"PropertyValueSpecification","valueRequired":true,"valueName":"search_term_string"}}],"inLanguage":"de"}]}},"featured_image_src":null,"featured_image_src_square":null,"_links":{"self":[{"href":"https:\/\/maumer.de\/maumer\/wp-json\/wp\/v2\/pages\/218","targetHints":{"allow":["GET"]}}],"collection":[{"href":"https:\/\/maumer.de\/maumer\/wp-json\/wp\/v2\/pages"}],"about":[{"href":"https:\/\/maumer.de\/maumer\/wp-json\/wp\/v2\/types\/page"}],"author":[{"embeddable":true,"href":"https:\/\/maumer.de\/maumer\/wp-json\/wp\/v2\/users\/1"}],"replies":[{"embeddable":true,"href":"https:\/\/maumer.de\/maumer\/wp-json\/wp\/v2\/comments?post=218"}],"version-history":[{"count":2,"href":"https:\/\/maumer.de\/maumer\/wp-json\/wp\/v2\/pages\/218\/revisions"}],"predecessor-version":[{"id":221,"href":"https:\/\/maumer.de\/maumer\/wp-json\/wp\/v2\/pages\/218\/revisions\/221"}],"up":[{"embeddable":true,"href":"https:\/\/maumer.de\/maumer\/wp-json\/wp\/v2\/pages\/19"}],"wp:attachment":[{"href":"https:\/\/maumer.de\/maumer\/wp-json\/wp\/v2\/media?parent=218"}],"curies":[{"name":"wp","href":"https:\/\/api.w.org\/{rel}","templated":true}]}}