{"id":517,"date":"2021-02-01T21:03:05","date_gmt":"2021-02-01T21:03:05","guid":{"rendered":"https:\/\/maumer.de\/maumer\/?page_id=517"},"modified":"2022-02-01T14:12:22","modified_gmt":"2022-02-01T14:12:22","slug":"erwaehnungen","status":"publish","type":"page","link":"https:\/\/maumer.de\/maumer\/boeschemer-fosenocht\/erwaehnungen\/","title":{"rendered":"Erw\u00e4hnungen"},"content":{"rendered":"\n<p>Die B\u00f6schemer Fosenocht ist weit \u00fcber die Grenzen der Rh\u00f6n hinaus bekannt. Das zeigen auch Erw\u00e4hnungen \u00fcber uns auf diversen Webseiten und anderen Quellen.<\/p>\n\n\n\n<ul class=\"wp-block-list\"><li>Region Mainfranken GmbH: Box &amp; Beutel (Der Mainfrankenpodcast) &#8211; Mainfrankens 5. Jahreszeit. 37:00 Min. bis Ende: <a href=\"https:\/\/podcasts.apple.com\/de\/podcast\/box-beutel\/id1586618895?i=1000549637913\">https:\/\/podcasts.apple.com\/de\/podcast\/box-beutel\/id1586618895?i=1000549637913<\/a><\/li><\/ul>\n\n\n\n<ul class=\"wp-block-list\"><li><a href=\"https:\/\/www.bischofsheim.info\/fastnacht.html\">Webseite der Tourist-Information Bischofsheim i.d.Rh\u00f6n (https:\/\/www.bischofsheim.info\/fastnacht.html)<\/a><\/li><\/ul>\n\n\n\n<ul class=\"wp-block-list\"><li><a href=\"https:\/\/de.wikipedia.org\/wiki\/Narrenruf\">Wikipedia: Narrenruf (https:\/\/de.wikipedia.org\/wiki\/Narrenruf)<\/a><\/li><\/ul>\n\n\n\n<ul class=\"wp-block-list\"><li>Josef D\u00fcnninger, Horst Schopf: Br\u00e4uche und Feste im fr\u00e4nkischen Jahreslauf. 1971. S.43f<\/li><\/ul>\n\n\n\n<ul class=\"wp-block-list\"><li>Anton Schumm: Geschichte der Stadt Bischofsheim vor der Rh\u00f6n. 1875. S. 13<\/li><\/ul>\n\n\n\n<ul class=\"wp-block-list\"><li>Reinhold Albert: Chronik von Bischofsheim a. d. Rh\u00f6n: mit Haselbach und dem Kreuzberg. 2010. S. 416 &#8222;Die B\u00f6schemer Fosenocht&#8220; von Alfons Fu\u00df<\/li><\/ul>\n\n\n\n<ul class=\"wp-block-list\"><li>Leopold H\u00f6hl: Rh\u00f6nspiegel \u2013 Kulturgeschichtliche Bilder aus der Rh\u00f6n. Arbeit, Sitten und Gebr\u00e4uche der Rh\u00f6ner. 2. Auflage. 1892. S. 147ff<\/li><\/ul>\n\n\n\n<ul class=\"wp-block-list\"><li>Stefan Pompetzki, Julia Haug: Lexikon des mainfr\u00e4nkischen Faschings. mainpost.de (http:\/\/www.mainpost.de\/regional\/franken\/mosaik;art1727,7879239). 2014<\/li><\/ul>\n","protected":false},"excerpt":{"rendered":"<p>Die B\u00f6schemer Fosenocht ist weit \u00fcber die Grenzen der Rh\u00f6n hinaus bekannt. Das zeigen auch Erw\u00e4hnungen \u00fcber uns auf diversen Webseiten und anderen Quellen. Region Mainfranken GmbH: Box &amp; Beutel (Der Mainfrankenpodcast) &#8211; Mainfrankens 5. Jahreszeit. 37:00 Min. bis Ende: https:\/\/podcasts.apple.com\/de\/podcast\/box-beutel\/id1586618895?i=1000549637913 Webseite der Tourist-Information Bischofsheim i.d.Rh\u00f6n (https:\/\/www.bischofsheim.info\/fastnacht.html) Wikipedia: Narrenruf (https:\/\/de.wikipedia.org\/wiki\/Narrenruf) Josef D\u00fcnninger, Horst Schopf: Br\u00e4uche&hellip;&nbsp;<a href=\"https:\/\/maumer.de\/maumer\/boeschemer-fosenocht\/erwaehnungen\/\" rel=\"bookmark\">Weiterlesen &raquo;<span class=\"screen-reader-text\">Erw\u00e4hnungen<\/span><\/a><\/p>\n","protected":false},"author":1,"featured_media":0,"parent":17,"menu_order":0,"comment_status":"closed","ping_status":"closed","template":"","meta":{"_acf_changed":false,"neve_meta_sidebar":"full-width","neve_meta_container":"","neve_meta_enable_content_width":"on","neve_meta_content_width":100,"neve_meta_title_alignment":"","neve_meta_author_avatar":"","neve_post_elements_order":"","neve_meta_disable_header":"","neve_meta_disable_footer":"","neve_meta_disable_title":"","_themeisle_gutenberg_block_has_review":false,"footnotes":""},"class_list":["post-517","page","type-page","status-publish","hentry"],"acf":[],"rise-blocks_excerpt":"Die B\u00f6schemer Fosenocht ist weit \u00fcber die Grenzen der Rh\u00f6n hinaus bekannt. Das zeigen auch Erw\u00e4hnungen \u00fcber uns auf diversen Webseiten und anderen Quellen. Region Mainfranken GmbH: Box &amp; Beutel (Der Mainfrankenpodcast) &#8211; Mainfrankens 5. Jahreszeit. 37:00 Min. bis Ende: https:\/\/podcasts.apple.com\/de\/podcast\/box-beutel\/id1586618895?i=1000549637913 Webseite der Tourist-Information Bischofsheim i.d.Rh\u00f6n (https:\/\/www.bischofsheim.info\/fastnacht.html) Wikipedia: Narrenruf (https:\/\/de.wikipedia.org\/wiki\/Narrenruf) Josef D\u00fcnninger, Horst Schopf: Br\u00e4uche und Feste im fr\u00e4nkischen Jahreslauf...","yoast_head":"<!-- This site is optimized with the Yoast SEO plugin v27.6 - https:\/\/yoast.com\/product\/yoast-seo-wordpress\/ -->\n<title>Erw\u00e4hnungen - Fosenochtsverein B\u00f6schemer Maumer e.V.<\/title>\n<meta name=\"robots\" content=\"index, follow, max-snippet:-1, max-image-preview:large, max-video-preview:-1\" \/>\n<link rel=\"canonical\" href=\"https:\/\/maumer.de\/maumer\/boeschemer-fosenocht\/erwaehnungen\/\" \/>\n<meta property=\"og:locale\" content=\"de_DE\" \/>\n<meta property=\"og:type\" content=\"article\" \/>\n<meta property=\"og:title\" content=\"Erw\u00e4hnungen - Fosenochtsverein B\u00f6schemer Maumer e.V.\" \/>\n<meta property=\"og:description\" content=\"Die B\u00f6schemer Fosenocht ist weit \u00fcber die Grenzen der Rh\u00f6n hinaus bekannt. Das zeigen auch Erw\u00e4hnungen \u00fcber uns auf diversen Webseiten und anderen Quellen. Region Mainfranken GmbH: Box &amp; Beutel (Der Mainfrankenpodcast) &#8211; Mainfrankens 5. Jahreszeit. 37:00 Min. bis Ende: https:\/\/podcasts.apple.com\/de\/podcast\/box-beutel\/id1586618895?i=1000549637913 Webseite der Tourist-Information Bischofsheim i.d.Rh\u00f6n (https:\/\/www.bischofsheim.info\/fastnacht.html) Wikipedia: Narrenruf (https:\/\/de.wikipedia.org\/wiki\/Narrenruf) Josef D\u00fcnninger, Horst Schopf: Br\u00e4uche&hellip;&nbsp;Weiterlesen &raquo;Erw\u00e4hnungen\" \/>\n<meta property=\"og:url\" content=\"https:\/\/maumer.de\/maumer\/boeschemer-fosenocht\/erwaehnungen\/\" \/>\n<meta property=\"og:site_name\" content=\"Fosenochtsverein B\u00f6schemer Maumer e.V.\" \/>\n<meta property=\"article:modified_time\" content=\"2022-02-01T14:12:22+00:00\" \/>\n<meta name=\"twitter:card\" content=\"summary_large_image\" \/>\n<meta name=\"twitter:label1\" content=\"Gesch\u00e4tzte Lesezeit\" \/>\n\t<meta name=\"twitter:data1\" content=\"1\u00a0Minute\" \/>\n<script type=\"application\/ld+json\" class=\"yoast-schema-graph\">{\"@context\":\"https:\\\/\\\/schema.org\",\"@graph\":[{\"@type\":\"WebPage\",\"@id\":\"https:\\\/\\\/maumer.de\\\/maumer\\\/boeschemer-fosenocht\\\/erwaehnungen\\\/\",\"url\":\"https:\\\/\\\/maumer.de\\\/maumer\\\/boeschemer-fosenocht\\\/erwaehnungen\\\/\",\"name\":\"Erw\u00e4hnungen - Fosenochtsverein B\u00f6schemer Maumer e.V.\",\"isPartOf\":{\"@id\":\"https:\\\/\\\/maumer.de\\\/maumer\\\/#website\"},\"datePublished\":\"2021-02-01T21:03:05+00:00\",\"dateModified\":\"2022-02-01T14:12:22+00:00\",\"breadcrumb\":{\"@id\":\"https:\\\/\\\/maumer.de\\\/maumer\\\/boeschemer-fosenocht\\\/erwaehnungen\\\/#breadcrumb\"},\"inLanguage\":\"de\",\"potentialAction\":[{\"@type\":\"ReadAction\",\"target\":[\"https:\\\/\\\/maumer.de\\\/maumer\\\/boeschemer-fosenocht\\\/erwaehnungen\\\/\"]}]},{\"@type\":\"BreadcrumbList\",\"@id\":\"https:\\\/\\\/maumer.de\\\/maumer\\\/boeschemer-fosenocht\\\/erwaehnungen\\\/#breadcrumb\",\"itemListElement\":[{\"@type\":\"ListItem\",\"position\":1,\"name\":\"Startseite\",\"item\":\"https:\\\/\\\/maumer.de\\\/maumer\\\/\"},{\"@type\":\"ListItem\",\"position\":2,\"name\":\"B\u00f6schemer Fosenocht\",\"item\":\"https:\\\/\\\/maumer.de\\\/maumer\\\/boeschemer-fosenocht\\\/\"},{\"@type\":\"ListItem\",\"position\":3,\"name\":\"Erw\u00e4hnungen\"}]},{\"@type\":\"WebSite\",\"@id\":\"https:\\\/\\\/maumer.de\\\/maumer\\\/#website\",\"url\":\"https:\\\/\\\/maumer.de\\\/maumer\\\/\",\"name\":\"Fosenochtsverein B\u00f6schemer Maumer e.V.\",\"description\":\"Halex!\",\"potentialAction\":[{\"@type\":\"SearchAction\",\"target\":{\"@type\":\"EntryPoint\",\"urlTemplate\":\"https:\\\/\\\/maumer.de\\\/maumer\\\/?s={search_term_string}\"},\"query-input\":{\"@type\":\"PropertyValueSpecification\",\"valueRequired\":true,\"valueName\":\"search_term_string\"}}],\"inLanguage\":\"de\"}]}<\/script>\n<!-- \/ Yoast SEO plugin. -->","yoast_head_json":{"title":"Erw\u00e4hnungen - Fosenochtsverein B\u00f6schemer Maumer e.V.","robots":{"index":"index","follow":"follow","max-snippet":"max-snippet:-1","max-image-preview":"max-image-preview:large","max-video-preview":"max-video-preview:-1"},"canonical":"https:\/\/maumer.de\/maumer\/boeschemer-fosenocht\/erwaehnungen\/","og_locale":"de_DE","og_type":"article","og_title":"Erw\u00e4hnungen - Fosenochtsverein B\u00f6schemer Maumer e.V.","og_description":"Die B\u00f6schemer Fosenocht ist weit \u00fcber die Grenzen der Rh\u00f6n hinaus bekannt. Das zeigen auch Erw\u00e4hnungen \u00fcber uns auf diversen Webseiten und anderen Quellen. Region Mainfranken GmbH: Box &amp; Beutel (Der Mainfrankenpodcast) &#8211; Mainfrankens 5. Jahreszeit. 37:00 Min. bis Ende: https:\/\/podcasts.apple.com\/de\/podcast\/box-beutel\/id1586618895?i=1000549637913 Webseite der Tourist-Information Bischofsheim i.d.Rh\u00f6n (https:\/\/www.bischofsheim.info\/fastnacht.html) Wikipedia: Narrenruf (https:\/\/de.wikipedia.org\/wiki\/Narrenruf) Josef D\u00fcnninger, Horst Schopf: Br\u00e4uche&hellip;&nbsp;Weiterlesen &raquo;Erw\u00e4hnungen","og_url":"https:\/\/maumer.de\/maumer\/boeschemer-fosenocht\/erwaehnungen\/","og_site_name":"Fosenochtsverein B\u00f6schemer Maumer e.V.","article_modified_time":"2022-02-01T14:12:22+00:00","twitter_card":"summary_large_image","twitter_misc":{"Gesch\u00e4tzte Lesezeit":"1\u00a0Minute"},"schema":{"@context":"https:\/\/schema.org","@graph":[{"@type":"WebPage","@id":"https:\/\/maumer.de\/maumer\/boeschemer-fosenocht\/erwaehnungen\/","url":"https:\/\/maumer.de\/maumer\/boeschemer-fosenocht\/erwaehnungen\/","name":"Erw\u00e4hnungen - Fosenochtsverein B\u00f6schemer Maumer e.V.","isPartOf":{"@id":"https:\/\/maumer.de\/maumer\/#website"},"datePublished":"2021-02-01T21:03:05+00:00","dateModified":"2022-02-01T14:12:22+00:00","breadcrumb":{"@id":"https:\/\/maumer.de\/maumer\/boeschemer-fosenocht\/erwaehnungen\/#breadcrumb"},"inLanguage":"de","potentialAction":[{"@type":"ReadAction","target":["https:\/\/maumer.de\/maumer\/boeschemer-fosenocht\/erwaehnungen\/"]}]},{"@type":"BreadcrumbList","@id":"https:\/\/maumer.de\/maumer\/boeschemer-fosenocht\/erwaehnungen\/#breadcrumb","itemListElement":[{"@type":"ListItem","position":1,"name":"Startseite","item":"https:\/\/maumer.de\/maumer\/"},{"@type":"ListItem","position":2,"name":"B\u00f6schemer Fosenocht","item":"https:\/\/maumer.de\/maumer\/boeschemer-fosenocht\/"},{"@type":"ListItem","position":3,"name":"Erw\u00e4hnungen"}]},{"@type":"WebSite","@id":"https:\/\/maumer.de\/maumer\/#website","url":"https:\/\/maumer.de\/maumer\/","name":"Fosenochtsverein B\u00f6schemer Maumer e.V.","description":"Halex!","potentialAction":[{"@type":"SearchAction","target":{"@type":"EntryPoint","urlTemplate":"https:\/\/maumer.de\/maumer\/?s={search_term_string}"},"query-input":{"@type":"PropertyValueSpecification","valueRequired":true,"valueName":"search_term_string"}}],"inLanguage":"de"}]}},"featured_image_src":null,"featured_image_src_square":null,"_links":{"self":[{"href":"https:\/\/maumer.de\/maumer\/wp-json\/wp\/v2\/pages\/517","targetHints":{"allow":["GET"]}}],"collection":[{"href":"https:\/\/maumer.de\/maumer\/wp-json\/wp\/v2\/pages"}],"about":[{"href":"https:\/\/maumer.de\/maumer\/wp-json\/wp\/v2\/types\/page"}],"author":[{"embeddable":true,"href":"https:\/\/maumer.de\/maumer\/wp-json\/wp\/v2\/users\/1"}],"replies":[{"embeddable":true,"href":"https:\/\/maumer.de\/maumer\/wp-json\/wp\/v2\/comments?post=517"}],"version-history":[{"count":7,"href":"https:\/\/maumer.de\/maumer\/wp-json\/wp\/v2\/pages\/517\/revisions"}],"predecessor-version":[{"id":714,"href":"https:\/\/maumer.de\/maumer\/wp-json\/wp\/v2\/pages\/517\/revisions\/714"}],"up":[{"embeddable":true,"href":"https:\/\/maumer.de\/maumer\/wp-json\/wp\/v2\/pages\/17"}],"wp:attachment":[{"href":"https:\/\/maumer.de\/maumer\/wp-json\/wp\/v2\/media?parent=517"}],"curies":[{"name":"wp","href":"https:\/\/api.w.org\/{rel}","templated":true}]}}