{"id":69,"date":"2021-01-27T10:25:18","date_gmt":"2021-01-27T10:25:18","guid":{"rendered":"https:\/\/maumer.de\/maumer\/?page_id=69"},"modified":"2025-06-23T10:53:30","modified_gmt":"2025-06-23T10:53:30","slug":"vorstandschaft","status":"publish","type":"page","link":"https:\/\/maumer.de\/maumer\/die-maumer\/vorstandschaft\/","title":{"rendered":"Vorstandschaft"},"content":{"rendered":"\n<figure class=\"wp-block-image size-full\"><img loading=\"lazy\" decoding=\"async\" width=\"1170\" height=\"804\" src=\"https:\/\/maumer.de\/maumer\/wp-content\/uploads\/2025\/06\/2025-vorstandschaft.jpeg\" alt=\"\" class=\"wp-image-913\" srcset=\"https:\/\/maumer.de\/maumer\/wp-content\/uploads\/2025\/06\/2025-vorstandschaft.jpeg 1170w, https:\/\/maumer.de\/maumer\/wp-content\/uploads\/2025\/06\/2025-vorstandschaft-300x206.jpeg 300w, https:\/\/maumer.de\/maumer\/wp-content\/uploads\/2025\/06\/2025-vorstandschaft-1024x704.jpeg 1024w, https:\/\/maumer.de\/maumer\/wp-content\/uploads\/2025\/06\/2025-vorstandschaft-768x528.jpeg 768w\" sizes=\"auto, (max-width: 1170px) 100vw, 1170px\" \/><\/figure>\n\n\n\n<p><strong>Sandra Hellmuth<br><\/strong>1. Vorsitzende<\/p>\n\n\n\n<p><strong>Stefan Koob<\/strong><br>2. Vorsitzender<\/p>\n\n\n\n<p><strong>Julian Klemm<br><\/strong>Kassier<\/p>\n\n\n\n<p><strong>Julia Rott<\/strong><br>Schriftf\u00fchrerin<\/p>\n\n\n\n<h2 class=\"wp-block-heading\">Beisitzer<\/h2>\n\n\n\n<p>Fabian Voll<br>Florian Neumann<br>Michael Schmid<br>Tanja Vorndran<br>Celine Hellmuth<br>Leon Glier<br>Eva H\u00fcttner<\/p>\n\n\n\n<h2 class=\"wp-block-heading\">Kassenpr\u00fcfer<\/h2>\n\n\n\n<p>Alfons Fu\u00df<br>Kerstin Simon<\/p>\n\n\n\n<h2 class=\"wp-block-heading\">Beitragskassier<\/h2>\n\n\n\n<p>Rigobert Weyer<\/p>\n\n\n\n<h2 class=\"wp-block-heading\">Vereinschronist<\/h2>\n\n\n\n<p>Christoph Finger<\/p>\n","protected":false},"excerpt":{"rendered":"<p>Sandra Hellmuth1. Vorsitzende Stefan Koob2. Vorsitzender Julian KlemmKassier Julia RottSchriftf\u00fchrerin Beisitzer Fabian VollFlorian NeumannMichael SchmidTanja VorndranCeline HellmuthLeon GlierEva H\u00fcttner Kassenpr\u00fcfer Alfons Fu\u00dfKerstin Simon Beitragskassier Rigobert Weyer Vereinschronist Christoph Finger<\/p>\n","protected":false},"author":1,"featured_media":0,"parent":15,"menu_order":1,"comment_status":"closed","ping_status":"closed","template":"","meta":{"_acf_changed":false,"neve_meta_sidebar":"full-width","neve_meta_container":"","neve_meta_enable_content_width":"on","neve_meta_content_width":100,"neve_meta_title_alignment":"","neve_meta_author_avatar":"","neve_post_elements_order":"","neve_meta_disable_header":"","neve_meta_disable_footer":"","neve_meta_disable_title":"","_themeisle_gutenberg_block_has_review":false,"footnotes":""},"class_list":["post-69","page","type-page","status-publish","hentry"],"acf":[],"rise-blocks_excerpt":"Sandra Hellmuth1. Vorsitzende Stefan Koob2. Vorsitzender Julian KlemmKassier Julia RottSchriftf\u00fchrerin Beisitzer Fabian VollFlorian NeumannMichael SchmidTanja VorndranCeline HellmuthLeon GlierEva H\u00fcttner Kassenpr\u00fcfer Alfons Fu\u00dfKerstin Simon Beitragskassier Rigobert Weyer Vereinschronist Christoph Finger","yoast_head":"<!-- This site is optimized with the Yoast SEO plugin v27.6 - https:\/\/yoast.com\/product\/yoast-seo-wordpress\/ -->\n<title>Vorstandschaft - Fosenochtsverein B\u00f6schemer Maumer e.V.<\/title>\n<meta name=\"robots\" content=\"index, follow, max-snippet:-1, max-image-preview:large, max-video-preview:-1\" \/>\n<link rel=\"canonical\" href=\"https:\/\/maumer.de\/maumer\/die-maumer\/vorstandschaft\/\" \/>\n<meta property=\"og:locale\" content=\"de_DE\" \/>\n<meta property=\"og:type\" content=\"article\" \/>\n<meta property=\"og:title\" content=\"Vorstandschaft - Fosenochtsverein B\u00f6schemer Maumer e.V.\" \/>\n<meta property=\"og:description\" content=\"Sandra Hellmuth1. Vorsitzende Stefan Koob2. Vorsitzender Julian KlemmKassier Julia RottSchriftf\u00fchrerin Beisitzer Fabian VollFlorian NeumannMichael SchmidTanja VorndranCeline HellmuthLeon GlierEva H\u00fcttner Kassenpr\u00fcfer Alfons Fu\u00dfKerstin Simon Beitragskassier Rigobert Weyer Vereinschronist Christoph Finger\" \/>\n<meta property=\"og:url\" content=\"https:\/\/maumer.de\/maumer\/die-maumer\/vorstandschaft\/\" \/>\n<meta property=\"og:site_name\" content=\"Fosenochtsverein B\u00f6schemer Maumer e.V.\" \/>\n<meta property=\"article:modified_time\" content=\"2025-06-23T10:53:30+00:00\" \/>\n<meta property=\"og:image\" content=\"https:\/\/maumer.de\/maumer\/wp-content\/uploads\/2025\/06\/2025-vorstandschaft.jpeg\" \/>\n\t<meta property=\"og:image:width\" content=\"1170\" \/>\n\t<meta property=\"og:image:height\" content=\"804\" \/>\n\t<meta property=\"og:image:type\" content=\"image\/jpeg\" \/>\n<meta name=\"twitter:card\" content=\"summary_large_image\" \/>\n<meta name=\"twitter:label1\" content=\"Gesch\u00e4tzte Lesezeit\" \/>\n\t<meta name=\"twitter:data1\" content=\"1\u00a0Minute\" \/>\n<script type=\"application\/ld+json\" class=\"yoast-schema-graph\">{\"@context\":\"https:\\\/\\\/schema.org\",\"@graph\":[{\"@type\":\"WebPage\",\"@id\":\"https:\\\/\\\/maumer.de\\\/maumer\\\/die-maumer\\\/vorstandschaft\\\/\",\"url\":\"https:\\\/\\\/maumer.de\\\/maumer\\\/die-maumer\\\/vorstandschaft\\\/\",\"name\":\"Vorstandschaft - Fosenochtsverein B\u00f6schemer Maumer e.V.\",\"isPartOf\":{\"@id\":\"https:\\\/\\\/maumer.de\\\/maumer\\\/#website\"},\"primaryImageOfPage\":{\"@id\":\"https:\\\/\\\/maumer.de\\\/maumer\\\/die-maumer\\\/vorstandschaft\\\/#primaryimage\"},\"image\":{\"@id\":\"https:\\\/\\\/maumer.de\\\/maumer\\\/die-maumer\\\/vorstandschaft\\\/#primaryimage\"},\"thumbnailUrl\":\"https:\\\/\\\/maumer.de\\\/maumer\\\/wp-content\\\/uploads\\\/2025\\\/06\\\/2025-vorstandschaft.jpeg\",\"datePublished\":\"2021-01-27T10:25:18+00:00\",\"dateModified\":\"2025-06-23T10:53:30+00:00\",\"breadcrumb\":{\"@id\":\"https:\\\/\\\/maumer.de\\\/maumer\\\/die-maumer\\\/vorstandschaft\\\/#breadcrumb\"},\"inLanguage\":\"de\",\"potentialAction\":[{\"@type\":\"ReadAction\",\"target\":[\"https:\\\/\\\/maumer.de\\\/maumer\\\/die-maumer\\\/vorstandschaft\\\/\"]}]},{\"@type\":\"ImageObject\",\"inLanguage\":\"de\",\"@id\":\"https:\\\/\\\/maumer.de\\\/maumer\\\/die-maumer\\\/vorstandschaft\\\/#primaryimage\",\"url\":\"https:\\\/\\\/maumer.de\\\/maumer\\\/wp-content\\\/uploads\\\/2025\\\/06\\\/2025-vorstandschaft.jpeg\",\"contentUrl\":\"https:\\\/\\\/maumer.de\\\/maumer\\\/wp-content\\\/uploads\\\/2025\\\/06\\\/2025-vorstandschaft.jpeg\",\"width\":1170,\"height\":804},{\"@type\":\"BreadcrumbList\",\"@id\":\"https:\\\/\\\/maumer.de\\\/maumer\\\/die-maumer\\\/vorstandschaft\\\/#breadcrumb\",\"itemListElement\":[{\"@type\":\"ListItem\",\"position\":1,\"name\":\"Startseite\",\"item\":\"https:\\\/\\\/maumer.de\\\/maumer\\\/\"},{\"@type\":\"ListItem\",\"position\":2,\"name\":\"Die Maumer\",\"item\":\"https:\\\/\\\/maumer.de\\\/maumer\\\/die-maumer\\\/\"},{\"@type\":\"ListItem\",\"position\":3,\"name\":\"Vorstandschaft\"}]},{\"@type\":\"WebSite\",\"@id\":\"https:\\\/\\\/maumer.de\\\/maumer\\\/#website\",\"url\":\"https:\\\/\\\/maumer.de\\\/maumer\\\/\",\"name\":\"Fosenochtsverein B\u00f6schemer Maumer e.V.\",\"description\":\"Halex!\",\"potentialAction\":[{\"@type\":\"SearchAction\",\"target\":{\"@type\":\"EntryPoint\",\"urlTemplate\":\"https:\\\/\\\/maumer.de\\\/maumer\\\/?s={search_term_string}\"},\"query-input\":{\"@type\":\"PropertyValueSpecification\",\"valueRequired\":true,\"valueName\":\"search_term_string\"}}],\"inLanguage\":\"de\"}]}<\/script>\n<!-- \/ Yoast SEO plugin. -->","yoast_head_json":{"title":"Vorstandschaft - Fosenochtsverein B\u00f6schemer Maumer e.V.","robots":{"index":"index","follow":"follow","max-snippet":"max-snippet:-1","max-image-preview":"max-image-preview:large","max-video-preview":"max-video-preview:-1"},"canonical":"https:\/\/maumer.de\/maumer\/die-maumer\/vorstandschaft\/","og_locale":"de_DE","og_type":"article","og_title":"Vorstandschaft - Fosenochtsverein B\u00f6schemer Maumer e.V.","og_description":"Sandra Hellmuth1. Vorsitzende Stefan Koob2. Vorsitzender Julian KlemmKassier Julia RottSchriftf\u00fchrerin Beisitzer Fabian VollFlorian NeumannMichael SchmidTanja VorndranCeline HellmuthLeon GlierEva H\u00fcttner Kassenpr\u00fcfer Alfons Fu\u00dfKerstin Simon Beitragskassier Rigobert Weyer Vereinschronist Christoph Finger","og_url":"https:\/\/maumer.de\/maumer\/die-maumer\/vorstandschaft\/","og_site_name":"Fosenochtsverein B\u00f6schemer Maumer e.V.","article_modified_time":"2025-06-23T10:53:30+00:00","og_image":[{"width":1170,"height":804,"url":"https:\/\/maumer.de\/maumer\/wp-content\/uploads\/2025\/06\/2025-vorstandschaft.jpeg","type":"image\/jpeg"}],"twitter_card":"summary_large_image","twitter_misc":{"Gesch\u00e4tzte Lesezeit":"1\u00a0Minute"},"schema":{"@context":"https:\/\/schema.org","@graph":[{"@type":"WebPage","@id":"https:\/\/maumer.de\/maumer\/die-maumer\/vorstandschaft\/","url":"https:\/\/maumer.de\/maumer\/die-maumer\/vorstandschaft\/","name":"Vorstandschaft - Fosenochtsverein B\u00f6schemer Maumer e.V.","isPartOf":{"@id":"https:\/\/maumer.de\/maumer\/#website"},"primaryImageOfPage":{"@id":"https:\/\/maumer.de\/maumer\/die-maumer\/vorstandschaft\/#primaryimage"},"image":{"@id":"https:\/\/maumer.de\/maumer\/die-maumer\/vorstandschaft\/#primaryimage"},"thumbnailUrl":"https:\/\/maumer.de\/maumer\/wp-content\/uploads\/2025\/06\/2025-vorstandschaft.jpeg","datePublished":"2021-01-27T10:25:18+00:00","dateModified":"2025-06-23T10:53:30+00:00","breadcrumb":{"@id":"https:\/\/maumer.de\/maumer\/die-maumer\/vorstandschaft\/#breadcrumb"},"inLanguage":"de","potentialAction":[{"@type":"ReadAction","target":["https:\/\/maumer.de\/maumer\/die-maumer\/vorstandschaft\/"]}]},{"@type":"ImageObject","inLanguage":"de","@id":"https:\/\/maumer.de\/maumer\/die-maumer\/vorstandschaft\/#primaryimage","url":"https:\/\/maumer.de\/maumer\/wp-content\/uploads\/2025\/06\/2025-vorstandschaft.jpeg","contentUrl":"https:\/\/maumer.de\/maumer\/wp-content\/uploads\/2025\/06\/2025-vorstandschaft.jpeg","width":1170,"height":804},{"@type":"BreadcrumbList","@id":"https:\/\/maumer.de\/maumer\/die-maumer\/vorstandschaft\/#breadcrumb","itemListElement":[{"@type":"ListItem","position":1,"name":"Startseite","item":"https:\/\/maumer.de\/maumer\/"},{"@type":"ListItem","position":2,"name":"Die Maumer","item":"https:\/\/maumer.de\/maumer\/die-maumer\/"},{"@type":"ListItem","position":3,"name":"Vorstandschaft"}]},{"@type":"WebSite","@id":"https:\/\/maumer.de\/maumer\/#website","url":"https:\/\/maumer.de\/maumer\/","name":"Fosenochtsverein B\u00f6schemer Maumer e.V.","description":"Halex!","potentialAction":[{"@type":"SearchAction","target":{"@type":"EntryPoint","urlTemplate":"https:\/\/maumer.de\/maumer\/?s={search_term_string}"},"query-input":{"@type":"PropertyValueSpecification","valueRequired":true,"valueName":"search_term_string"}}],"inLanguage":"de"}]}},"featured_image_src":null,"featured_image_src_square":null,"_links":{"self":[{"href":"https:\/\/maumer.de\/maumer\/wp-json\/wp\/v2\/pages\/69","targetHints":{"allow":["GET"]}}],"collection":[{"href":"https:\/\/maumer.de\/maumer\/wp-json\/wp\/v2\/pages"}],"about":[{"href":"https:\/\/maumer.de\/maumer\/wp-json\/wp\/v2\/types\/page"}],"author":[{"embeddable":true,"href":"https:\/\/maumer.de\/maumer\/wp-json\/wp\/v2\/users\/1"}],"replies":[{"embeddable":true,"href":"https:\/\/maumer.de\/maumer\/wp-json\/wp\/v2\/comments?post=69"}],"version-history":[{"count":11,"href":"https:\/\/maumer.de\/maumer\/wp-json\/wp\/v2\/pages\/69\/revisions"}],"predecessor-version":[{"id":915,"href":"https:\/\/maumer.de\/maumer\/wp-json\/wp\/v2\/pages\/69\/revisions\/915"}],"up":[{"embeddable":true,"href":"https:\/\/maumer.de\/maumer\/wp-json\/wp\/v2\/pages\/15"}],"wp:attachment":[{"href":"https:\/\/maumer.de\/maumer\/wp-json\/wp\/v2\/media?parent=69"}],"curies":[{"name":"wp","href":"https:\/\/api.w.org\/{rel}","templated":true}]}}